{"id":77,"date":"2023-07-14T17:04:35","date_gmt":"2023-07-14T15:04:35","guid":{"rendered":"http:\/\/appartement-argeles-sur-mer.com\/?page_id=77"},"modified":"2025-04-27T18:38:49","modified_gmt":"2025-04-27T16:38:49","slug":"contact","status":"publish","type":"page","link":"https:\/\/appartement-argeles-sur-mer.com\/index.php\/contact\/","title":{"rendered":"Contact et acc\u00e8s"},"content":{"rendered":"\n<div class=\"wp-block-columns is-layout-flex wp-container-core-columns-is-layout-9d6595d7 wp-block-columns-is-layout-flex\">\n<div class=\"wp-block-column is-layout-flow wp-block-column-is-layout-flow\">\n<h2 class=\"wp-block-heading\">Contact<\/h2>\n\n\n\n<p>Vous pouvez me joindre par t\u00e9l\u00e9phone au <strong>06.61.66.39.10<\/strong> ou par ce formulaire :<\/p>\n\n\n\n<div class=\"wp-block-contact-form-7-contact-form-selector\">\n<div class=\"wpcf7 no-js\" id=\"wpcf7-f305-o1\" lang=\"fr-FR\" dir=\"ltr\">\n<div class=\"screen-reader-response\"><p role=\"status\" aria-live=\"polite\" aria-atomic=\"true\"><\/p> <ul><\/ul><\/div>\n<form action=\"\/index.php\/wp-json\/wp\/v2\/pages\/77#wpcf7-f305-o1\" method=\"post\" class=\"wpcf7-form init\" aria-label=\"Formulaire de contact\" novalidate=\"novalidate\" data-status=\"init\">\n<div style=\"display: none;\">\n<input type=\"hidden\" name=\"_wpcf7\" value=\"305\" \/>\n<input type=\"hidden\" name=\"_wpcf7_version\" value=\"5.7.7\" \/>\n<input type=\"hidden\" name=\"_wpcf7_locale\" value=\"fr_FR\" \/>\n<input type=\"hidden\" name=\"_wpcf7_unit_tag\" value=\"wpcf7-f305-o1\" \/>\n<input type=\"hidden\" name=\"_wpcf7_container_post\" value=\"0\" \/>\n<input type=\"hidden\" name=\"_wpcf7_posted_data_hash\" value=\"\" \/>\n<input type=\"hidden\" name=\"_wpcf7_recaptcha_response\" value=\"\" \/>\n<\/div>\n<p><label> Votre nom<br \/>\n<span class=\"wpcf7-form-control-wrap\" data-name=\"your-name\"><input size=\"40\" class=\"wpcf7-form-control wpcf7-text wpcf7-validates-as-required\" autocomplete=\"name\" aria-required=\"true\" aria-invalid=\"false\" value=\"\" type=\"text\" name=\"your-name\" \/><\/span> <\/label>\n<\/p>\n<p><label> Votre e-mail (obligatoire)<br \/>\n<span class=\"wpcf7-form-control-wrap\" data-name=\"your-email\"><input size=\"40\" class=\"wpcf7-form-control wpcf7-text wpcf7-email wpcf7-validates-as-required wpcf7-validates-as-email\" autocomplete=\"email\" aria-required=\"true\" aria-invalid=\"false\" value=\"\" type=\"email\" name=\"your-email\" \/><\/span> <\/label>\n<\/p>\n<p><label> Votre t\u00e9l\u00e9phone<br \/>\n<span class=\"wpcf7-form-control-wrap\" data-name=\"your-tel\"><input size=\"40\" class=\"wpcf7-form-control wpcf7-text wpcf7-tel wpcf7-validates-as-tel\" autocomplete=\"tel-805\" aria-invalid=\"false\" value=\"\" type=\"tel\" name=\"your-tel\" \/><\/span> <\/label>\n<\/p>\n<p><label> Objet<br \/>\n<span class=\"wpcf7-form-control-wrap\" data-name=\"your-subject\"><input size=\"40\" class=\"wpcf7-form-control wpcf7-text wpcf7-validates-as-required\" aria-required=\"true\" aria-invalid=\"false\" value=\"\" type=\"text\" name=\"your-subject\" \/><\/span> <\/label>\n<\/p>\n<p><label> Votre message (facultatif)<br \/>\n<span class=\"wpcf7-form-control-wrap\" data-name=\"your-message\"><textarea cols=\"40\" rows=\"10\" class=\"wpcf7-form-control wpcf7-textarea\" aria-invalid=\"false\" name=\"your-message\"><\/textarea><\/span> <\/label>\n<\/p>\n<p><input class=\"wpcf7-form-control has-spinner wpcf7-submit\" type=\"submit\" value=\"Envoyer\" \/>\n<\/p><div class=\"wpcf7-response-output\" aria-hidden=\"true\"><\/div>\n<\/form>\n<\/div>\n<\/div>\n\n\n\n<p><\/p>\n<\/div>\n\n\n\n<div class=\"wp-block-column is-layout-flow wp-block-column-is-layout-flow\">\n<h2 class=\"wp-block-heading\">Acc\u00e8s<\/h2>\n\n\n\n<p>Pour acc\u00e9der \u00e0 la R\u00e9sidence La Concha :<\/p>\n\n\n\n<p class=\"has-background\" style=\"background:linear-gradient(135deg,rgb(238,238,238) 100%,rgb(169,184,195) 100%)\"><strong><em>AUTOROUTE<\/em><\/strong><\/p>\n\n\n\n<ul class=\"wp-block-list\">\n<li>Depuis le Nord : autoroute A 9 &#8211; sortie Perpignan Sud, puis voie rapide jusqu&rsquo;\u00e0 Argel\u00e8s sur Mer (20 km)<\/li>\n\n\n\n<li>Depuis le Sud : autoroute A 9 &#8211; sortie Le Boulou, puis voie rapide jusqu&rsquo;\u00e0 Argel\u00e8s sur Mer (18 km<\/li>\n<\/ul>\n\n\n\n<p class=\"has-background\" style=\"background:linear-gradient(135deg,rgb(238,238,238) 100%,rgb(169,184,195) 100%)\"><strong><em>GARE<\/em><\/strong><\/p>\n\n\n\n<p>Gare SNCF \u00e0 Argel\u00e8s village (2km de la plage). Vous pourrez rejoindre l\u2019appartement en bus (selon jour et horaire) ou taxi. Les arr\u00eats de bus pour se rendre \u00e0 l\u2019appartement depuis la gare se trouvent <strong>place Gambetta<\/strong>, dans le centre du village, \u00e0 5 minutes \u00e0 pied de la gare.<\/p>\n\n\n\n<p class=\"has-background\" style=\"background:linear-gradient(135deg,rgb(238,238,238) 100%,rgb(169,184,195) 100%)\"><strong><em>BUS<\/em><\/strong><\/p>\n\n\n\n<p>L\u2019appartement se situe <strong>au niveau de l\u2019arr\u00eat du \u00ab&nbsp;rond point joie et lumi\u00e8re&nbsp;\u00bb<\/strong>. Cet arr\u00eat est desservi par la navette plage-village (possibilit\u00e9 de prendre ensuite la navette village-gare pour se rendre \u00e0 la gare), et le petit train touristique (circuit 1).<\/p>\n\n\n\n<p class=\"has-background\" style=\"background:linear-gradient(135deg,rgb(238,238,238) 100%,rgb(169,184,195) 100%)\"><strong><em>A\u00c9ROPORT<\/em><\/strong><\/p>\n\n\n\n<p>A\u00e9roport de Perpignan Rivesaltes \u00e0 25km d&rsquo;Argel\u00e8s sur Mer. Navette de l&rsquo;a\u00e9roport \u00e0 destination de la gare SNCF et de la gare<br>routi\u00e8re de Perpignan. Service de taxis jusqu&rsquo;\u00e0 Argel\u00e8s.<\/p>\n<\/div>\n<\/div>\n\n\n\n<style id=\"bwg-style-0\">\t\t.bwg-container {\t\t\t\t\t\t\tjustify-content: center;\t\t \t\t\t}      #bwg_container1_0 #bwg_container2_0 .blog_style_images_conteiner_0{\t\tbackground-color: rgba(0, 0, 0, 0);\t\ttext-align: center;\t\twidth: 100%;\t\tposition: relative;      }      #bwg_container1_0 #bwg_container2_0 .blog_style_images_0 {\t\tdisplay: inline-block;\t\t-moz-box-sizing: border-box;\t\tbox-sizing: border-box;\t\tfont-size: 0;\t\ttext-align: center;\t\tmax-width: 100%;\t\twidth: 800px;      }      #bwg_container1_0 #bwg_container2_0 .blog_style_image_buttons_conteiner_0 {\t\ttext-align: center;      }      #bwg_container1_0 #bwg_container2_0 .blog_style_image_buttons_0 {\t\ttext-align: center;\t\t\/*display: inline-block;*\/      }      #bwg_container1_0 #bwg_container2_0 .bwg_blog_style_image_0 {        background-color: rgba(255, 255, 255, 0.80);\t\ttext-align: center;\t\t\/*display: inline-block;*\/\t\tvertical-align: middle;\t\tmargin: 2px;\t\tpadding: 0;\t\tborder-radius: 0;\t\tborder: 1px solid #F5F5F5;\t\tbox-shadow: ;\t\tposition: relative;      }      #bwg_container1_0 #bwg_container2_0 .bwg_image_alt_0 {\t\tdisplay: table-cell;\t\twidth: 50%;\t\ttext-align: left;\t\tfont-size: 16px;\t\tfont-family: Ubuntu;\t\tcolor: #000000;\t\tpadding-left: 8px;        word-wrap: break-word;        word-break: break-word;        vertical-align: middle;      }      #bwg_container1_0 #bwg_container2_0 .bwg_blog_style_img_0 {        padding: 0 !important;        max-width: 100% !important;        height: inherit !important;        width: 100%;      }      \/*pagination styles*\/      #bwg_container1_0 #bwg_container2_0 .tablenav-pages_0 {\t\t\t\ttext-align: center;\t\t\t\tfont-size: 12px;\t\t\t\tfont-family: Ubuntu;\t\t\t\tfont-weight: bold;\t\t\t\tcolor: #666666;\t\t\t\tmargin: 6px 0 4px;\t\t\t\tdisplay: block;\t\t\t\theight: 30px;\t\t\t\tline-height: 30px;      }      @media only screen and (max-width : 320px) {\t\t#bwg_container1_0 #bwg_container2_0 .displaying-num_0 {\t\t\t\t  display: none;\t\t\t\t}        #bwg_container1_0 #bwg_container2_0 .bwg_image_alt_0{\t\t\t\t  display: none;\t\t\t\t}              }      #bwg_container1_0 #bwg_container2_0 .displaying-num_0 {\t\t\t\tfont-size: 12px;\t\t\t\tfont-family: Ubuntu;\t\t\t\tfont-weight: bold;\t\t\t\tcolor: #666666;\t\t\t\tmargin-right: 10px;\t\t\t\tvertical-align: middle;      }      #bwg_container1_0 #bwg_container2_0 .paging-input_0 {\t\t\t\tfont-size: 12px;\t\t\t\tfont-family: Ubuntu;\t\t\t\tfont-weight: bold;\t\t\t\tcolor: #666666;\t\t\t\tvertical-align: middle;      }      #bwg_container1_0 #bwg_container2_0 .tablenav-pages_0 a.disabled,      #bwg_container1_0 #bwg_container2_0 .tablenav-pages_0 a.disabled:hover,      #bwg_container1_0 #bwg_container2_0 .tablenav-pages_0 a.disabled:focus {\t\t\t\tcursor: default;\t\t\t\tcolor: rgba(102, 102, 102, 0.5);      }      #bwg_container1_0 #bwg_container2_0 .tablenav-pages_0 a {\t\t\t\tcursor: pointer;\t\t\t\tfont-size: 12px;\t\t\t\tfont-family: Ubuntu;\t\t\t\tfont-weight: bold;\t\t\t\tcolor: #666666;\t\t\t\ttext-decoration: none;\t\t\t\tpadding: 3px 6px;\t\t\t\tmargin: 0;\t\t\t\tborder-radius: 0;\t\t\t\tborder-style: solid;\t\t\t\tborder-width: 1px;\t\t\t\tborder-color: #E3E3E3;\t\t\t\tbackground-color: #FFFFFF;\t\t\t\topacity: 1.00;\t\t\t\tbox-shadow: 0;\t\t\t\ttransition: all 0.3s ease 0s;-webkit-transition: all 0.3s ease 0s;      }      \/*Share button styles*\/      #bwg_container1_0 #bwg_container2_0 .bwg_blog_style_share_buttons_image_alt0 {\t\t\t\tdisplay: table;\t\t\t\tclear: both;\t\t\t\tmargin: 5px auto 10px auto;\t\t\t\ttext-align: center;\t\t\t\twidth: 100%;\t\t\t\tborder:0px none #000000;\t\t\t\tborder-radius: 0;\t\t\t\tbackground-color: rgba(255, 255, 255, 0.00);      }      #bwg_container1_0 #bwg_container2_0 .bwg_blog_style_share_buttons_0 {        display: table-cell;        text-align: right;        width: 50%;        color: #B3AFAF;\t\tfont-size: 20px;        vertical-align:middle;      }      #bwg_container1_0 #bwg_container2_0 .bwg_blog_style_share_buttons_0 a,      #bwg_container1_0 #bwg_container2_0 .bwg_blog_style_share_buttons_0 a:hover {        color: #B3AFAF;\t\tfont-size: 20px;        margin: 0 5px;        text-decoration: none;        vertical-align: middle;        font-family: none;      }      #bwg_container1_0 #bwg_container2_0 [class^=\"bwg-icon-\"],      #bwg_container1_0 #bwg_container2_0 [class*=\" bwg-icon-\"] {        vertical-align: baseline;      }      #bwg_container1_0 #bwg_container2_0 .bwg_facebook:hover {\t\t\t\tcolor: #3B5998;      }      #bwg_container1_0 #bwg_container2_0 .bwg_twitter:hover {\t\t\t\tcolor: #4099FB;      }      #bwg_container1_0 #bwg_container2_0 .bwg_pinterest:hover {        color: #cb2027;      }      #bwg_container1_0 #bwg_container2_0 .bwg_tumblr:hover {        color: #2F5070;      }      \/*watermark*\/            #bwg_container1_0 #bwg_container2_0 .bwg_blog_style_image_contain_0{\t\t\t\tposition: absolute;\t\t\t\ttext-align: center;\t\t\t\tvertical-align: middle;\t\t\t\twidth: 100%;\t\t\t\theight: 100%;\t\t\t\tcursor: pointer;      }      #bwg_container1_0 #bwg_container2_0 .bwg_blog_style_watermark_contain_0{\t\tdisplay: table;\t\tvertical-align: middle;\t\twidth: 100%;\t\theight: 100%;        display:none;      }      #bwg_container1_0 #bwg_container2_0 .bwg_blog_style_watermark_cont_0{        display: table-cell;\t\t\t\ttext-align: ;\t\t\t\tposition: relative;\t\t\t\tvertical-align: ;      }      #bwg_container1_0 #bwg_container2_0 .bwg_blog_style_watermark_0{\t\t\t\tdisplay: inline-block;\t\t\t\toverflow: hidden;\t\t\t\tposition: relative;\t\t\t\tvertical-align: middle;\t\t\t\tz-index: 10140;\t\t\t\twidth: px;\t\t\t\tmax-width: 0%;\t\t\t\tmargin: 10px 10px 10px 10px ;      }      #bwg_container1_0 #bwg_container2_0 .bwg_blog_style_watermark_text_0{\t\t\t\tdisplay: inline-block;\t\t\t\toverflow: hidden;\t\t\t\tposition: relative;\t\t\t\tvertical-align: middle;\t\t\t\tz-index: 10140;\t\t\t\tmargin: 10px 10px 10px 10px ;      }      #bwg_container1_0 #bwg_container2_0 .bwg_blog_style_watermark_img_0{\t\t\t\tmax-width: 100%;\t\t\t\t\t\t\t\tposition: relative;\t\t\t\tz-index: 10141;      }      #bwg_container1_0 #bwg_container2_0 .bwg_none_selectable {        -webkit-touch-callout: none;        -webkit-user-select: none;        -khtml-user-select: none;        -moz-user-select: none;        -ms-user-select: none;        user-select: none;      }      #bwg_container1_0 #bwg_container2_0 .bwg_gal_title_0 {        background-color: rgba(0, 0, 0, 0);        color: #323A45;        display: block;        font-family: Ubuntu;        font-size: 16px;        font-weight: bold;        padding: 2px;        text-shadow: 0px 0px 0px #888888;        text-align: center;      }    <\/style>    <div id=\"bwg_container1_0\"         class=\"bwg_container bwg_thumbnail bwg_blog_style \"         data-right-click-protection=\"0\"         data-bwg=\"0\"         data-scroll=\"0\"         data-gallery-type=\"blog_style\"         data-gallery-view-type=\"blog_style\"         data-current-url=\"\/index.php\/wp-json\/wp\/v2\/pages\/77\"         data-lightbox-url=\"https:\/\/appartement-argeles-sur-mer.com\/wp-admin\/admin-ajax.php?action=GalleryBox&#038;current_view=0&#038;gallery_id=3&#038;tag=0&#038;theme_id=1&#038;shortcode_id=7&#038;sort_by=order&#038;order_by=asc&#038;current_url=%2Findex.php%2Fwp-json%2Fwp%2Fv2%2Fpages%2F77\"         data-gallery-id=\"3\"         data-popup-width=\"800\"         data-popup-height=\"500\"         data-is-album=\"gallery\"         data-buttons-position=\"bottom\">      <div id=\"bwg_container2_0\">             <div id=\"ajax_loading_0\" class=\"bwg_loading_div_1\">      <div class=\"bwg_loading_div_2\">        <div class=\"bwg_loading_div_3\">          <div id=\"loading_div_0\" class=\"bwg_spider_ajax_loading\">          <\/div>        <\/div>      <\/div>    <\/div>            <form id=\"gal_front_form_0\"              class=\"bwg-hidden\"              method=\"post\"              action=\"#\"              data-current=\"0\"              data-shortcode-id=\"7\"              data-gallery-type=\"blog_style\"              data-gallery-id=\"3\"              data-tag=\"0\"              data-album-id=\"0\"              data-theme-id=\"1\"              data-ajax-url=\"https:\/\/appartement-argeles-sur-mer.com\/wp-admin\/admin-ajax.php?action=bwg_frontend_data\">          <div id=\"bwg_container3_0\" class=\"bwg-background bwg-background-0\">                <div id=\"bwg_blog_style_0\" class=\"bwg-container-0 blog_style_images_conteiner_0 bwg-container\"         data-lightbox-url=\"https:\/\/appartement-argeles-sur-mer.com\/wp-admin\/admin-ajax.php?action=GalleryBox&#038;current_view=0&#038;gallery_id=3&#038;tag=0&#038;theme_id=1&#038;shortcode_id=7&#038;sort_by=order&#038;order_by=asc&#038;current_url=%2Findex.php%2Fwp-json%2Fwp%2Fv2%2Fpages%2F77\">      <div class=\"blog_style_images_0\" id=\"blog_style_images_0\" >                  <div class=\"blog_style_image_buttons_conteiner_0\">            <div class=\"blog_style_image_buttons_0\">              <div class=\"bwg_blog_style_image_0\" >                                <a style=\"position:relative;\"  class=\"bwg-a bwg_lightbox_0\" data-image-id=\"17\">                  <img decoding=\"async\" class=\"skip-lazy bwg_blog_style_img_0 \"                       src=\"https:\/\/appartement-argeles-sur-mer.com\/wp-content\/uploads\/photo-gallery\/imported_from_media_libray\/plan-Argeles-sur-mer3.jpg?bwg=1689403966\"                       data-src=\"https:\/\/appartement-argeles-sur-mer.com\/wp-content\/uploads\/photo-gallery\/imported_from_media_libray\/plan-Argeles-sur-mer3.jpg?bwg=1689403966\"                       alt=\"Plan Argel\u00e8s sur mer\"                       title=\"Plan Argel\u00e8s sur mer\" \/>                <\/a>                              <\/div>            <\/div>            <div class=\"bwg_blog_style_share_buttons_image_alt0\">                              <div class=\"bwg_image_alt_0\" id=\"alt17\">                  Plan Argel\u00e8s sur mer                <\/div>                                <div id=\"bwg_blog_style_share_buttons_17\" class=\"bwg_blog_style_share_buttons_0\">                                      <a rel=\"noopener noreferrer\" id=\"bwg_facebook_a_17\" href=\"https:\/\/www.facebook.com\/sharer\/sharer.php?u=https%3A%2F%2Fappartement-argeles-sur-mer.com%2Findex.php%2Fbwg_share%2Fimage%2F%3Fgallery_id%3D3%26image_id%3D17%26curr_url%3D%2Findex.php%2Fwp-json%2Fwp%2Fv2%2Fpages%2F77\" target=\"_blank\" title=\"Share on Facebook\">                      <i title=\"Share on Facebook\" class=\"bwg-icon-facebook-square bwg_facebook\"><\/i>                    <\/a>                                        <a rel=\"noopener noreferrer\" href=\"https:\/\/twitter.com\/intent\/tweet?url=https%3A%2F%2Fappartement-argeles-sur-mer.com%2Findex.php%2Fbwg_share%2Fimage%2F%3Fgallery_id%3D3%26image_id%3D17%26curr_url%3D%2Findex.php%2Fwp-json%2Fwp%2Fv2%2Fpages%2F77\" target=\"_blank\" title=\"Share on Twitter\">                      <i title=\"Share on Twitter\" class=\"bwg-icon-twitter-square bwg_twitter\"><\/i>                    <\/a>                                    <\/div>                            <\/div>                      <\/div>                <\/div>    <\/div>    <style>      \/*pagination styles*\/      #bwg_container1_0 #bwg_container2_0 .tablenav-pages_0 {\t\t\t\ttext-align: center;\t\t\t\tfont-size: 12px;\t\t\t\tfont-family: Ubuntu;\t\t\t\tfont-weight: bold;\t\t\t\tcolor: #666666;\t\t\t\tmargin: 6px 0 4px;\t\t\t\tdisplay: block;      }      @media only screen and (max-width : 320px) {      #bwg_container1_0 #bwg_container2_0 .displaying-num_0 {     \t display: none;      }      }      #bwg_container1_0 #bwg_container2_0 .displaying-num_0 {\t\t\t\tfont-size: 12px;\t\t\t\tfont-family: Ubuntu;\t\t\t\tfont-weight: bold;\t\t\t\tcolor: #666666;\t\t\t\tmargin-right: 10px;\t\t\t\tvertical-align: middle;      }      #bwg_container1_0 #bwg_container2_0 .paging-input_0 {\t\t\t\tfont-size: 12px;\t\t\t\tfont-family: Ubuntu;\t\t\t\tfont-weight: bold;\t\t\t\tcolor: #666666;\t\t\t\tvertical-align: middle;      }      #bwg_container1_0 #bwg_container2_0 .tablenav-pages_0 a.disabled,      #bwg_container1_0 #bwg_container2_0 .tablenav-pages_0 a.disabled:hover,      #bwg_container1_0 #bwg_container2_0 .tablenav-pages_0 a.disabled:focus,\t\t\t#bwg_container1_0 #bwg_container2_0 .tablenav-pages_0 input.bwg_current_page {\t\t\t\tcursor: default;\t\t\t\tcolor: rgba(102, 102, 102, 0.5);      }      #bwg_container1_0 #bwg_container2_0 .tablenav-pages_0 a,      #bwg_container1_0 #bwg_container2_0 .tablenav-pages_0 input.bwg_current_page {\t\t\t\tcursor: pointer;\t\t\t\ttext-align: center;\t\t\t\tfont-size: 12px;\t\t\t\tfont-family: Ubuntu;\t\t\t\tfont-weight: bold;\t\t\t\tcolor: #666666;\t\t\t\ttext-decoration: none;\t\t\t\tpadding: 3px 6px;\t\t\t\tmargin: 0;\t\t\t\tborder-radius: 0;\t\t\t\tborder-style: solid;\t\t\t\tborder-width: 1px;\t\t\t\tborder-color: #E3E3E3;\t\t\t\t\t\t\t\tbackground-color: rgba(255, 255, 255, 1.00);\t\t\t\tbox-shadow: 0;\t\t\t\ttransition: all 0.3s ease 0s;-webkit-transition: all 0.3s ease 0s;      }      <\/style>      <span class=\"bwg_nav_cont_0\">              <div class=\"tablenav-pages_0\">                  <\/div>                <input type=\"hidden\" id=\"page_number_0\" name=\"page_number_0\" value=\"1\" \/>      <script type=\"text\/javascript\">        if( jQuery('.bwg_nav_cont_0').length > 1 ) {          jQuery('.bwg_nav_cont_0').first().remove()        }        function spider_page_0(cur, x, y, load_more) {          if (typeof load_more == \"undefined\") {            var load_more = false;          }          if (jQuery(cur).hasClass('disabled')) {            return false;          }          var items_county_0 = 1;          switch (y) {            case 1:              if (x >= items_county_0) {                document.getElementById('page_number_0').value = items_county_0;              }              else {                document.getElementById('page_number_0').value = x + 1;              }              break;            case 2:              document.getElementById('page_number_0').value = items_county_0;              break;            case -1:              if (x == 1) {                document.getElementById('page_number_0').value = 1;              }              else {                document.getElementById('page_number_0').value = x - 1;              }              break;            case -2:              document.getElementById('page_number_0').value = 1;              break;\t\t\t\t\t\tcase 0:              document.getElementById('page_number_0').value = x;              break;            default:              document.getElementById('page_number_0').value = 1;          }          bwg_ajax('gal_front_form_0', '0', 'bwg_blog_style_0', '0', '', 'gallery', 0, '', '', load_more, '', 1);        }                    jQuery('.first-page-0').on('click', function () {              spider_page_0(this, 1, -2, 'numeric');              return false;            });            jQuery('.prev-page-0').on('click', function () {              spider_page_0(this, 1, -1, 'numeric');              return false;            });            jQuery('.next-page-0').on('click', function () {              spider_page_0(this, 1, 1, 'numeric');              return false;            });            jQuery('.last-page-0').on('click', function () {              spider_page_0(this, 1, 2, 'numeric');              return false;            });        \t\t\t\t\/* Change page on input enter. *\/        function bwg_change_page_0( e, that ) {          if (  e.key == 'Enter' ) {            var to_page = parseInt(jQuery(that).val());            var pages_count = jQuery(that).parents(\".pagination-links\").data(\"pages-count\");            var current_url_param = jQuery(that).attr('data-url-info');            if (to_page > pages_count) {              to_page = 1;            }\t \t\t\t\t\t\t\t\t\t\t\t\tspider_page_0(this, to_page, 0, 'numeric');\t\t\t\t\t\t\treturn false;\t\t\t\t\t\t          }          return true;        }        jQuery('.bwg_load_btn_0').on('click', function () {            spider_page_0(this, 1, 1, true);            return false;        });      <\/script>      <\/span>                <\/div>        <\/form>        <style>          #bwg_container1_0 #bwg_container2_0 #spider_popup_overlay_0 {          background-color: #EEEEEE;          opacity: 0.60;          }          <\/style>        <div id=\"bwg_spider_popup_loading_0\" class=\"bwg_spider_popup_loading\"><\/div>        <div id=\"spider_popup_overlay_0\" class=\"spider_popup_overlay\" onclick=\"spider_destroypopup(1000)\"><\/div>        <input type=\"hidden\" id=\"bwg_random_seed_0\" value=\"1701327899\">                <\/div>    <\/div>    <script>      if (document.readyState === 'complete') {        if( typeof bwg_main_ready == 'function' ) {          if ( jQuery(\"#bwg_container1_0\").height() ) {            bwg_main_ready(jQuery(\"#bwg_container1_0\"));          }        }      } else {        document.addEventListener('DOMContentLoaded', function() {          if( typeof bwg_main_ready == 'function' ) {            if ( jQuery(\"#bwg_container1_0\").height() ) {             bwg_main_ready(jQuery(\"#bwg_container1_0\"));            }          }        });      }    <\/script>    \n","protected":false},"excerpt":{"rendered":"<p>Contact Vous pouvez me joindre par t\u00e9l\u00e9phone au 06.61.66.39.10 ou par ce formulaire : Acc\u00e8s Pour acc\u00e9der \u00e0 la R\u00e9sidence La Concha : AUTOROUTE GARE Gare SNCF \u00e0 Argel\u00e8s village (2km de la plage). Vous pourrez rejoindre l\u2019appartement en bus (selon jour et horaire) ou taxi. Les arr\u00eats de bus pour se rendre \u00e0 l\u2019appartement depuis la gare se trouvent place Gambetta, dans le centre du village, \u00e0 5 minutes \u00e0 pied de la gare. BUS L\u2019appartement se situe au niveau de l\u2019arr\u00eat du \u00ab&nbsp;rond point joie et lumi\u00e8re&nbsp;\u00bb. Cet arr\u00eat est desservi par la navette plage-village (possibilit\u00e9 de prendre ensuite la navette village-gare pour se rendre \u00e0 la gare), et le petit train touristique (circuit 1). A\u00c9ROPORT A\u00e9roport de Perpignan Rivesaltes \u00e0 25km d&rsquo;Argel\u00e8s sur Mer. Navette de l&rsquo;a\u00e9roport \u00e0 destination de la gare SNCF et de la garerouti\u00e8re de Perpignan. Service de taxis jusqu&rsquo;\u00e0 Argel\u00e8s.<\/p>\n","protected":false},"author":1,"featured_media":0,"parent":0,"menu_order":0,"comment_status":"closed","ping_status":"closed","template":"","meta":{"om_disable_all_campaigns":false,"_monsterinsights_skip_tracking":false,"_monsterinsights_sitenote_active":false,"_monsterinsights_sitenote_note":"","_monsterinsights_sitenote_category":0,"_kad_post_transparent":"","_kad_post_title":"","_kad_post_layout":"","_kad_post_sidebar_id":"","_kad_post_content_style":"","_kad_post_vertical_padding":"","_kad_post_feature":"","_kad_post_feature_position":"","_kad_post_header":false,"_kad_post_footer":false,"two_page_speed":[],"footnotes":""},"class_list":["post-77","page","type-page","status-publish","hentry"],"aioseo_notices":[],"_links":{"self":[{"href":"https:\/\/appartement-argeles-sur-mer.com\/index.php\/wp-json\/wp\/v2\/pages\/77","targetHints":{"allow":["GET"]}}],"collection":[{"href":"https:\/\/appartement-argeles-sur-mer.com\/index.php\/wp-json\/wp\/v2\/pages"}],"about":[{"href":"https:\/\/appartement-argeles-sur-mer.com\/index.php\/wp-json\/wp\/v2\/types\/page"}],"author":[{"embeddable":true,"href":"https:\/\/appartement-argeles-sur-mer.com\/index.php\/wp-json\/wp\/v2\/users\/1"}],"replies":[{"embeddable":true,"href":"https:\/\/appartement-argeles-sur-mer.com\/index.php\/wp-json\/wp\/v2\/comments?post=77"}],"version-history":[{"count":27,"href":"https:\/\/appartement-argeles-sur-mer.com\/index.php\/wp-json\/wp\/v2\/pages\/77\/revisions"}],"predecessor-version":[{"id":383,"href":"https:\/\/appartement-argeles-sur-mer.com\/index.php\/wp-json\/wp\/v2\/pages\/77\/revisions\/383"}],"wp:attachment":[{"href":"https:\/\/appartement-argeles-sur-mer.com\/index.php\/wp-json\/wp\/v2\/media?parent=77"}],"curies":[{"name":"wp","href":"https:\/\/api.w.org\/{rel}","templated":true}]}}