{"id":64,"date":"2023-07-14T16:56:45","date_gmt":"2023-07-14T14:56:45","guid":{"rendered":"http:\/\/appartement-argeles-sur-mer.com\/?page_id=64"},"modified":"2025-06-30T06:52:35","modified_gmt":"2025-06-30T04:52:35","slug":"lappartement","status":"publish","type":"page","link":"https:\/\/appartement-argeles-sur-mer.com\/index.php\/lappartement\/","title":{"rendered":"L&rsquo;appartement"},"content":{"rendered":"\n<div class=\"wp-block-columns is-layout-flex wp-container-core-columns-is-layout-9d6595d7 wp-block-columns-is-layout-flex\">\n<div class=\"wp-block-column is-layout-flow wp-block-column-is-layout-flow\">\n<div class=\"wp-block-buttons is-layout-flex wp-block-buttons-is-layout-flex\">\n<div class=\"wp-block-button\"><a class=\"wp-block-button__link wp-element-button\" href=\"https:\/\/appartement-argeles-sur-mer.com\/index.php\/photos-page\/\">Voir les photos<\/a><\/div>\n<\/div>\n<\/div>\n\n\n\n<div class=\"wp-block-column is-layout-flow wp-block-column-is-layout-flow\">\n<div class=\"wp-block-buttons is-layout-flex wp-block-buttons-is-layout-flex\">\n<div class=\"wp-block-button\"><a class=\"wp-block-button__link wp-element-button\" href=\"https:\/\/appartement-argeles-sur-mer.com\/index.php\/tarifs-et-disponibilites-2025\/\">Tarifs et dispos<\/a><\/div>\n<\/div>\n<\/div>\n\n\n\n<div class=\"wp-block-column is-layout-flow wp-block-column-is-layout-flow\">\n<div class=\"wp-block-buttons is-layout-flex wp-block-buttons-is-layout-flex\">\n<div class=\"wp-block-button\"><a class=\"wp-block-button__link wp-element-button\" href=\"https:\/\/appartement-argeles-sur-mer.com\/index.php\/contact\/\">Me contacter<\/a><\/div>\n<\/div>\n<\/div>\n<\/div>\n\n\n\n<div class=\"wp-block-media-text alignfull is-stacked-on-mobile is-vertically-aligned-top is-image-fill-element\"><figure class=\"wp-block-media-text__media\"><img fetchpriority=\"high\" decoding=\"async\" width=\"1024\" height=\"768\" src=\"http:\/\/appartement-argeles-sur-mer.com\/wp-content\/uploads\/2023\/10\/IMG_8492-1024x768.jpg\" alt=\"\" class=\"wp-image-525 size-thumbnail\" style=\"object-position:33% 31%\" srcset=\"https:\/\/appartement-argeles-sur-mer.com\/wp-content\/uploads\/2023\/10\/IMG_8492-1024x768.jpg 1024w, https:\/\/appartement-argeles-sur-mer.com\/wp-content\/uploads\/2023\/10\/IMG_8492-300x225.jpg 300w, https:\/\/appartement-argeles-sur-mer.com\/wp-content\/uploads\/2023\/10\/IMG_8492-768x576.jpg 768w, https:\/\/appartement-argeles-sur-mer.com\/wp-content\/uploads\/2023\/10\/IMG_8492-1536x1152.jpg 1536w, https:\/\/appartement-argeles-sur-mer.com\/wp-content\/uploads\/2023\/10\/IMG_8492-2048x1536.jpg 2048w\" sizes=\"(max-width: 1024px) 100vw, 1024px\" \/><\/figure><div class=\"wp-block-media-text__content\">\n<p><strong>LE S\u00c9JOUR<\/strong><\/p>\n\n\n\n<ul class=\"wp-block-list\">\n<li>Grande baie vitr\u00e9e avec vue directe sur la pin\u00e8de, sans vis-\u00e0-vis<\/li>\n\n\n\n<li>Un canap\u00e9-lit convertible largeur 140 cm<\/li>\n\n\n\n<li>Des tables basses gigognes<\/li>\n\n\n\n<li>1 armoire de rangement<\/li>\n\n\n\n<li>1 table \u00e0 rabats (pour 2, 4 ou 6 personnes)<\/li>\n\n\n\n<li>2 chaises blanches<\/li>\n\n\n\n<li>1 fauteuil Acapulco blanc<\/li>\n\n\n\n<li>2 ventilateurs<\/li>\n\n\n\n<li>2 poufs-coffres pliables avec 2 plaids \u00e0 l&rsquo;int\u00e9rieur<\/li>\n\n\n\n<li>2 petits meubles \u00e0 chaussures<\/li>\n\n\n\n<li>Des rideaux occultants<\/li>\n\n\n\n<li>Remarque : vous disposerez d&rsquo;une connexion Wi-fi<\/li>\n\n\n\n<li><strong>Appartement non fumeur<\/strong><\/li>\n\n\n\n<li><strong>Les animaux ne sont pas accept\u00e9s<\/strong><\/li>\n<\/ul>\n<\/div><\/div>\n\n\n\n<p><\/p>\n\n\n\n<div class=\"wp-block-media-text alignfull is-stacked-on-mobile is-vertically-aligned-top is-image-fill-element\"><figure class=\"wp-block-media-text__media\"><img decoding=\"async\" width=\"1024\" height=\"575\" src=\"http:\/\/appartement-argeles-sur-mer.com\/wp-content\/uploads\/2023\/07\/02-IMG_20220802_092413_copie-1024x575.jpg\" alt=\"\" class=\"wp-image-159 size-full\" style=\"object-position:50% 50%\" srcset=\"https:\/\/appartement-argeles-sur-mer.com\/wp-content\/uploads\/2023\/07\/02-IMG_20220802_092413_copie-1024x575.jpg 1024w, https:\/\/appartement-argeles-sur-mer.com\/wp-content\/uploads\/2023\/07\/02-IMG_20220802_092413_copie-300x168.jpg 300w, https:\/\/appartement-argeles-sur-mer.com\/wp-content\/uploads\/2023\/07\/02-IMG_20220802_092413_copie-768x431.jpg 768w, https:\/\/appartement-argeles-sur-mer.com\/wp-content\/uploads\/2023\/07\/02-IMG_20220802_092413_copie-1536x863.jpg 1536w, https:\/\/appartement-argeles-sur-mer.com\/wp-content\/uploads\/2023\/07\/02-IMG_20220802_092413_copie-2048x1150.jpg 2048w, https:\/\/appartement-argeles-sur-mer.com\/wp-content\/uploads\/2023\/07\/02-IMG_20220802_092413_copie-360x203.jpg 360w, https:\/\/appartement-argeles-sur-mer.com\/wp-content\/uploads\/2023\/07\/02-IMG_20220802_092413_copie-1140x641.jpg 1140w, https:\/\/appartement-argeles-sur-mer.com\/wp-content\/uploads\/2023\/07\/02-IMG_20220802_092413_copie-755x424.jpg 755w\" sizes=\"(max-width: 1024px) 100vw, 1024px\" \/><\/figure><div class=\"wp-block-media-text__content\">\n<p><strong>LE BALCON<\/strong><\/p>\n\n\n\n<ul class=\"wp-block-list\">\n<li>Une table ronde pliable<\/li>\n\n\n\n<li>2 chaises blanches pliables<\/li>\n\n\n\n<li>1 \u00e9tendoir \u00e0 linge<\/li>\n\n\n\n<li>1 armoire de rangement contenant : jeux de plage (seau et r\u00e2teau, boules de p\u00e9tanque de plage), 3 si\u00e8ges de plage, ainsi que le n\u00e9cessaire pour le nettoyage (balai, p\u00e8le, seau, serpill\u00e8re).<\/li>\n\n\n\n<li>Vous pourrez peut-\u00eatre observer les \u00e9cureuils depuis le balcon!<\/li>\n<\/ul>\n<\/div><\/div>\n\n\n\n<p><\/p>\n\n\n\n<div class=\"wp-block-media-text alignfull is-stacked-on-mobile is-vertically-aligned-top is-image-fill-element\"><figure class=\"wp-block-media-text__media\"><img decoding=\"async\" width=\"768\" height=\"1024\" src=\"http:\/\/appartement-argeles-sur-mer.com\/wp-content\/uploads\/2023\/07\/IMG_0249-2-768x1024.jpeg\" alt=\"\" class=\"wp-image-199 size-full\" style=\"object-position:50% 50%\" srcset=\"https:\/\/appartement-argeles-sur-mer.com\/wp-content\/uploads\/2023\/07\/IMG_0249-2-768x1024.jpeg 768w, https:\/\/appartement-argeles-sur-mer.com\/wp-content\/uploads\/2023\/07\/IMG_0249-2-225x300.jpeg 225w, https:\/\/appartement-argeles-sur-mer.com\/wp-content\/uploads\/2023\/07\/IMG_0249-2-1152x1536.jpeg 1152w, https:\/\/appartement-argeles-sur-mer.com\/wp-content\/uploads\/2023\/07\/IMG_0249-2.jpeg 1536w\" sizes=\"(max-width: 768px) 100vw, 768px\" \/><\/figure><div class=\"wp-block-media-text__content\">\n<p><strong>LE COIN NUIT<\/strong><\/p>\n\n\n\n<p>Le coin nuit est un coin cabine ouvert sur l&rsquo;entr\u00e9e (ce n&rsquo;est pas une chambre, mais ce coin est bien s\u00e9par\u00e9 du s\u00e9jour).<\/p>\n\n\n\n<p>Un lit superpos\u00e9 :<\/p>\n\n\n\n<ul class=\"wp-block-list\">\n<li>en bas, un lit 2 places de largeur 120 cm, id\u00e9al pour un grand ado seul ou 2 enfants<\/li>\n\n\n\n<li>en haut, un lit 1 place de largeur 90 cm<\/li>\n\n\n\n<li>Les lits et matelas sont neufs.<\/li>\n<\/ul>\n\n\n\n<p>Un grand placard avec 2 \u00e9tag\u00e8res profondes et une penderie (avec cintres). Dans le placard, se trouvent : un aspirateur (neuf), une planche et un fer \u00e0 repasser, un chauffage mobile.<\/p>\n\n\n\n<p>Pour le couchage : 2 couettes pour lit 2 places + 1 couette pour lit 1 place + 3 al\u00e8ses (une pour chaque couchage) + 5 oreillers<\/p>\n\n\n\n<p><strong>Les draps, housses de couette et housses de coussins ne sont pas fournis.<\/strong><\/p>\n<\/div><\/div>\n\n\n\n<p><\/p>\n\n\n\n<div class=\"wp-block-media-text alignfull is-stacked-on-mobile is-vertically-aligned-top is-image-fill-element\"><figure class=\"wp-block-media-text__media\"><img loading=\"lazy\" decoding=\"async\" width=\"768\" height=\"1024\" src=\"http:\/\/appartement-argeles-sur-mer.com\/wp-content\/uploads\/2023\/07\/13-IMG-20220806-WA0045-copie.jpg\" alt=\"\" class=\"wp-image-27 size-full\" style=\"object-position:50% 50%\" srcset=\"https:\/\/appartement-argeles-sur-mer.com\/wp-content\/uploads\/2023\/07\/13-IMG-20220806-WA0045-copie.jpg 768w, https:\/\/appartement-argeles-sur-mer.com\/wp-content\/uploads\/2023\/07\/13-IMG-20220806-WA0045-copie-225x300.jpg 225w\" sizes=\"(max-width: 768px) 100vw, 768px\" \/><\/figure><div class=\"wp-block-media-text__content\">\n<p><strong>LA CUISINE<\/strong><\/p>\n\n\n\n<ul class=\"wp-block-list\">\n<li>Une plaque de cuisson au gaz de ville avec 2 feux<\/li>\n\n\n\n<li>Un frigo avec bac \u00e0 gla\u00e7ons<\/li>\n\n\n\n<li>Un four micro-ondes<\/li>\n\n\n\n<li>Un grille pain<\/li>\n\n\n\n<li>La vaisselle (casseroles, po\u00eale, assiettes, verres, couverts, plats&#8230;), des plateaux<\/li>\n\n\n\n<li>Pour faciliter votre arriv\u00e9e, vous trouverez&nbsp; : liquide vaisselle, \u00e9ponge, savon \u00e0 mains, caf\u00e9 et filtres \u00e0 caf\u00e9, th\u00e9, sucre en poudre, huile, sel\/poivre, sac poubelle, sopalin<\/li>\n\n\n\n<li><strong>Les torchons ne sont pas fournis.<\/strong><\/li>\n<\/ul>\n<\/div><\/div>\n\n\n\n<p><\/p>\n\n\n\n<div class=\"wp-block-media-text alignfull is-stacked-on-mobile is-vertically-aligned-top is-image-fill-element\"><figure class=\"wp-block-media-text__media\"><img loading=\"lazy\" decoding=\"async\" width=\"768\" height=\"1024\" src=\"http:\/\/appartement-argeles-sur-mer.com\/wp-content\/uploads\/2023\/07\/11-IMG-20220806-WA0041-copie.jpg\" alt=\"\" class=\"wp-image-25 size-full\" style=\"object-position:50% 50%\" srcset=\"https:\/\/appartement-argeles-sur-mer.com\/wp-content\/uploads\/2023\/07\/11-IMG-20220806-WA0041-copie.jpg 768w, https:\/\/appartement-argeles-sur-mer.com\/wp-content\/uploads\/2023\/07\/11-IMG-20220806-WA0041-copie-225x300.jpg 225w\" sizes=\"(max-width: 768px) 100vw, 768px\" \/><\/figure><div class=\"wp-block-media-text__content\">\n<p><strong>LA SALLE D&rsquo;EAU<\/strong><\/p>\n\n\n\n<p>WC, douche et lavabo avec rangements<\/p>\n\n\n\n<ul class=\"wp-block-list\">\n<li>s\u00e8che-cheveux<\/li>\n\n\n\n<li>1 rouleau de papier toilette pour votre arriv\u00e9e<\/li>\n\n\n\n<li><strong>Le linge de toilette n&rsquo;est pas fourni<\/strong><\/li>\n\n\n\n<li>petite remarque : l&rsquo;ouverture de la douche n&rsquo;est pas tr\u00e8s grande<\/li>\n<\/ul>\n\n\n\n<p><\/p>\n\n\n\n<p><\/p>\n\n\n\n<p><\/p>\n\n\n\n<p><\/p>\n\n\n\n<p><\/p>\n\n\n\n<p><\/p>\n<\/div><\/div>\n\n\n\n<p><\/p>\n","protected":false},"excerpt":{"rendered":"","protected":false},"author":1,"featured_media":0,"parent":0,"menu_order":0,"comment_status":"closed","ping_status":"closed","template":"","meta":{"om_disable_all_campaigns":false,"_monsterinsights_skip_tracking":false,"_monsterinsights_sitenote_active":false,"_monsterinsights_sitenote_note":"","_monsterinsights_sitenote_category":0,"_kad_post_transparent":"","_kad_post_title":"","_kad_post_layout":"","_kad_post_sidebar_id":"","_kad_post_content_style":"","_kad_post_vertical_padding":"","_kad_post_feature":"","_kad_post_feature_position":"","_kad_post_header":false,"_kad_post_footer":false,"two_page_speed":[],"footnotes":""},"class_list":["post-64","page","type-page","status-publish","hentry"],"aioseo_notices":[],"_links":{"self":[{"href":"https:\/\/appartement-argeles-sur-mer.com\/index.php\/wp-json\/wp\/v2\/pages\/64","targetHints":{"allow":["GET"]}}],"collection":[{"href":"https:\/\/appartement-argeles-sur-mer.com\/index.php\/wp-json\/wp\/v2\/pages"}],"about":[{"href":"https:\/\/appartement-argeles-sur-mer.com\/index.php\/wp-json\/wp\/v2\/types\/page"}],"author":[{"embeddable":true,"href":"https:\/\/appartement-argeles-sur-mer.com\/index.php\/wp-json\/wp\/v2\/users\/1"}],"replies":[{"embeddable":true,"href":"https:\/\/appartement-argeles-sur-mer.com\/index.php\/wp-json\/wp\/v2\/comments?post=64"}],"version-history":[{"count":73,"href":"https:\/\/appartement-argeles-sur-mer.com\/index.php\/wp-json\/wp\/v2\/pages\/64\/revisions"}],"predecessor-version":[{"id":917,"href":"https:\/\/appartement-argeles-sur-mer.com\/index.php\/wp-json\/wp\/v2\/pages\/64\/revisions\/917"}],"wp:attachment":[{"href":"https:\/\/appartement-argeles-sur-mer.com\/index.php\/wp-json\/wp\/v2\/media?parent=64"}],"curies":[{"name":"wp","href":"https:\/\/api.w.org\/{rel}","templated":true}]}}