{"id":201,"date":"2023-07-14T19:12:45","date_gmt":"2023-07-14T17:12:45","guid":{"rendered":"http:\/\/appartement-argeles-sur-mer.com\/?page_id=201"},"modified":"2025-04-03T06:19:54","modified_gmt":"2025-04-03T04:19:54","slug":"accueil","status":"publish","type":"page","link":"https:\/\/appartement-argeles-sur-mer.com\/","title":{"rendered":"Accueil"},"content":{"rendered":"\n<p><\/p>\n\n\n\n<div class=\"wp-block-cover aligncenter is-light wp-duotone-unset-1\"><span aria-hidden=\"true\" class=\"wp-block-cover__background has-theme-palette-7-background-color has-background-dim-20 has-background-dim\"><\/span><img fetchpriority=\"high\" decoding=\"async\" width=\"2560\" height=\"1438\" class=\"wp-block-cover__image-background wp-image-12\" alt=\"\" src=\"http:\/\/appartement-argeles-sur-mer.com\/wp-content\/uploads\/2023\/07\/01-IMG_20220802_104648_copie3-1-scaled.jpg\" data-object-fit=\"cover\" srcset=\"https:\/\/appartement-argeles-sur-mer.com\/wp-content\/uploads\/2023\/07\/01-IMG_20220802_104648_copie3-1-scaled.jpg 2560w, https:\/\/appartement-argeles-sur-mer.com\/wp-content\/uploads\/2023\/07\/01-IMG_20220802_104648_copie3-1-300x168.jpg 300w, https:\/\/appartement-argeles-sur-mer.com\/wp-content\/uploads\/2023\/07\/01-IMG_20220802_104648_copie3-1-1024x575.jpg 1024w, https:\/\/appartement-argeles-sur-mer.com\/wp-content\/uploads\/2023\/07\/01-IMG_20220802_104648_copie3-1-768x431.jpg 768w, https:\/\/appartement-argeles-sur-mer.com\/wp-content\/uploads\/2023\/07\/01-IMG_20220802_104648_copie3-1-1536x863.jpg 1536w, https:\/\/appartement-argeles-sur-mer.com\/wp-content\/uploads\/2023\/07\/01-IMG_20220802_104648_copie3-1-2048x1150.jpg 2048w\" sizes=\"(max-width: 2560px) 100vw, 2560px\" \/><div class=\"wp-block-cover__inner-container is-layout-flow wp-block-cover-is-layout-flow\">\n<h2 class=\"wp-block-heading\">Location d&rsquo;un appartement \u00e0 Argel\u00e8s sur mer<\/h2>\n\n\n\n<p>au calme, sous les pins, \u00e0 3 min \u00e0 pied de la plage<\/p>\n<\/div><\/div>\n\n\n\n<div class=\"wp-block-media-text is-stacked-on-mobile\"><figure class=\"wp-block-media-text__media\"><img decoding=\"async\" width=\"1024\" height=\"768\" src=\"http:\/\/appartement-argeles-sur-mer.com\/wp-content\/uploads\/2024\/06\/plage-Nord.jpg\" alt=\"\" class=\"wp-image-727 size-full\" srcset=\"https:\/\/appartement-argeles-sur-mer.com\/wp-content\/uploads\/2024\/06\/plage-Nord.jpg 1024w, https:\/\/appartement-argeles-sur-mer.com\/wp-content\/uploads\/2024\/06\/plage-Nord-300x225.jpg 300w, https:\/\/appartement-argeles-sur-mer.com\/wp-content\/uploads\/2024\/06\/plage-Nord-768x576.jpg 768w\" sizes=\"(max-width: 1024px) 100vw, 1024px\" \/><\/figure><div class=\"wp-block-media-text__content\">\n<h2 class=\"wp-block-heading\">Bienvenue \u00e0 Argel\u00e8s sur mer<\/h2>\n\n\n\n<p>D\u00e9tendez-vous dans ce studio cabine de 25 m2 pouvant accueillir 4 personnes, \u00e0 200 m\u00e8tres de la plage du Tamariguer (3 min \u00e0 pied)! Il dispose d\u2019un coin nuit avec un lit superpos\u00e9 3 places. Dans le s\u00e9jour, un canap\u00e9 lit permet d\u2019avoir un couchage suppl\u00e9mentaire pour 2 personnes. Le logement est en rez-de-chauss\u00e9e.<\/p>\n\n\n\n<p>Argel\u00e8s sur mer se trouve \u00e0 moins de 15 min de Collioure et de St Cyprien.<\/p>\n\n\n\n<div class=\"wp-block-buttons is-content-justification-center is-layout-flex wp-container-core-buttons-is-layout-16018d1d wp-block-buttons-is-layout-flex\">\n<div class=\"wp-block-button\"><a class=\"wp-block-button__link wp-element-button\" href=\"http:\/\/appartement-argeles-sur-mer.com\/index.php\/lappartement\/\">Visiter l&rsquo;appartement<\/a><\/div>\n<\/div>\n\n\n\n<div class=\"wp-block-buttons is-content-justification-center is-layout-flex wp-container-core-buttons-is-layout-16018d1d wp-block-buttons-is-layout-flex\">\n<div class=\"wp-block-button\"><a class=\"wp-block-button__link wp-element-button\" href=\"https:\/\/appartement-argeles-sur-mer.com\/index.php\/photos-page\/\" target=\"_blank\" rel=\"noreferrer noopener\">Voir les photos<\/a><\/div>\n<\/div>\n\n\n\n<p><\/p>\n<\/div><\/div>\n\n\n\n<div class=\"wp-block-group alignfull has-text-color has-background\" style=\"color:#000000;background-color:#ffffff\"><div class=\"wp-block-group__inner-container is-layout-constrained wp-block-group-is-layout-constrained\">\n<div class=\"wp-block-columns is-layout-flex wp-container-core-columns-is-layout-9d6595d7 wp-block-columns-is-layout-flex\">\n<div class=\"wp-block-column is-layout-flow wp-block-column-is-layout-flow\">\n<div class=\"wp-block-columns is-layout-flex wp-container-core-columns-is-layout-9d6595d7 wp-block-columns-is-layout-flex\">\n<div class=\"wp-block-column is-layout-flow wp-block-column-is-layout-flow\"><div class=\"wp-block-image is-style-rounded\">\n<figure class=\"aligncenter size-thumbnail\"><img decoding=\"async\" width=\"150\" height=\"150\" src=\"http:\/\/appartement-argeles-sur-mer.com\/wp-content\/uploads\/2023\/07\/IMG_0178-2-150x150.jpeg\" alt=\"\" class=\"wp-image-145\"\/><\/figure>\n<\/div>\n\n\n<p class=\"has-text-align-center\">A 3 min \u00e0 pied de la <strong>plage du Tamariguer<\/strong><\/p>\n<\/div>\n\n\n\n<div class=\"wp-block-column is-layout-flow wp-block-column-is-layout-flow\"><div class=\"wp-block-image is-style-rounded\">\n<figure class=\"aligncenter size-thumbnail\"><img loading=\"lazy\" decoding=\"async\" width=\"150\" height=\"150\" src=\"http:\/\/appartement-argeles-sur-mer.com\/wp-content\/uploads\/2023\/07\/centre-commercial-costa-blanca-150x150.jpg\" alt=\"\" class=\"wp-image-142\"\/><\/figure>\n<\/div>\n\n\n<p class=\"has-text-align-center\">A <strong>2 min \u00e0 pied des commerces<\/strong> de 1\u00e8re n\u00e9cessit\u00e9<\/p>\n<\/div>\n\n\n\n<div class=\"wp-block-column is-layout-flow wp-block-column-is-layout-flow\"><div class=\"wp-block-image is-style-rounded\">\n<figure class=\"aligncenter size-thumbnail\"><img loading=\"lazy\" decoding=\"async\" width=\"150\" height=\"150\" src=\"http:\/\/appartement-argeles-sur-mer.com\/wp-content\/uploads\/2023\/07\/IMG_0279-150x150.jpg\" alt=\"\" class=\"wp-image-156\"\/><\/figure>\n<\/div>\n\n\n<p class=\"has-text-align-center\"><strong>Stationnement gratuit <\/strong>autour de la r\u00e9sidence, m\u00eame en saison haute<\/p>\n<\/div>\n<\/div>\n<\/div>\n<\/div>\n\n\n\n<div class=\"wp-block-columns is-layout-flex wp-container-core-columns-is-layout-9d6595d7 wp-block-columns-is-layout-flex\">\n<div class=\"wp-block-column is-layout-flow wp-block-column-is-layout-flow\"><div class=\"wp-block-image is-style-rounded\">\n<figure class=\"aligncenter size-thumbnail\"><img loading=\"lazy\" decoding=\"async\" width=\"150\" height=\"150\" src=\"http:\/\/appartement-argeles-sur-mer.com\/wp-content\/uploads\/2023\/07\/02-IMG_20220802_092413_copie-150x150.jpg\" alt=\"\" class=\"wp-image-159\"\/><\/figure>\n<\/div>\n\n\n<p class=\"has-text-align-center\">Une exposition nord-est qui permet de profiter du balcon toute la journ\u00e9e (\u00e0 l&rsquo;abri des fortes chaleurs) <\/p>\n<\/div>\n\n\n\n<div class=\"wp-block-column is-layout-flow wp-block-column-is-layout-flow\"><div class=\"wp-block-image is-style-rounded\">\n<figure class=\"aligncenter size-thumbnail\"><img loading=\"lazy\" decoding=\"async\" width=\"150\" height=\"150\" src=\"http:\/\/appartement-argeles-sur-mer.com\/wp-content\/uploads\/2023\/07\/IMG_20220228_085001-150x150.jpg\" alt=\"\" class=\"wp-image-29\"\/><\/figure>\n<\/div>\n\n\n<p class=\"has-text-align-center\"><strong>Au calme<\/strong>, au c\u0153ur d&rsquo;une pin\u00e8de<\/p>\n<\/div>\n\n\n\n<div class=\"wp-block-column is-layout-flow wp-block-column-is-layout-flow\"><div class=\"wp-block-image is-style-rounded\">\n<figure class=\"aligncenter size-thumbnail\"><img loading=\"lazy\" decoding=\"async\" width=\"150\" height=\"150\" src=\"http:\/\/appartement-argeles-sur-mer.com\/wp-content\/uploads\/2023\/07\/allee-des-pins-150x150.jpg\" alt=\"\" class=\"wp-image-165\" srcset=\"https:\/\/appartement-argeles-sur-mer.com\/wp-content\/uploads\/2023\/07\/allee-des-pins-150x150.jpg 150w, https:\/\/appartement-argeles-sur-mer.com\/wp-content\/uploads\/2023\/07\/allee-des-pins-360x360.jpg 360w\" sizes=\"(max-width: 150px) 100vw, 150px\" \/><\/figure>\n<\/div>\n\n\n<p class=\"has-text-align-center\">A 10 min en v\u00e9lo et 5 min en voiture du centre et de la plage Charles Trenet (restaurants et shopping)<\/p>\n<\/div>\n<\/div>\n\n\n\n<h6 class=\"wp-block-heading has-text-align-center\"><strong>POUR TOUT RENSEIGNEMENT<\/strong><\/h6>\n\n\n\n<div class=\"wp-block-buttons is-content-justification-center is-layout-flex wp-container-core-buttons-is-layout-16018d1d wp-block-buttons-is-layout-flex\">\n<div class=\"wp-block-button\"><a class=\"wp-block-button__link wp-element-button\"><strong>contact par email<\/strong><\/a><\/div>\n<\/div>\n\n\n\n<div class=\"wp-block-cover is-light\"><span aria-hidden=\"true\" class=\"wp-block-cover__background has-background-dim-20 has-background-dim\" style=\"background-color:#a7b2c7\"><\/span><img loading=\"lazy\" decoding=\"async\" width=\"2560\" height=\"1200\" class=\"wp-block-cover__image-background wp-image-609\" alt=\"\" src=\"http:\/\/appartement-argeles-sur-mer.com\/wp-content\/uploads\/2024\/06\/cropped-IMG_8113_copie.jpg\" style=\"object-position:88% 95%\" data-object-fit=\"cover\" data-object-position=\"88% 95%\" srcset=\"https:\/\/appartement-argeles-sur-mer.com\/wp-content\/uploads\/2024\/06\/cropped-IMG_8113_copie.jpg 2560w, https:\/\/appartement-argeles-sur-mer.com\/wp-content\/uploads\/2024\/06\/cropped-IMG_8113_copie-300x141.jpg 300w, https:\/\/appartement-argeles-sur-mer.com\/wp-content\/uploads\/2024\/06\/cropped-IMG_8113_copie-1024x480.jpg 1024w, https:\/\/appartement-argeles-sur-mer.com\/wp-content\/uploads\/2024\/06\/cropped-IMG_8113_copie-768x360.jpg 768w, https:\/\/appartement-argeles-sur-mer.com\/wp-content\/uploads\/2024\/06\/cropped-IMG_8113_copie-1536x720.jpg 1536w, https:\/\/appartement-argeles-sur-mer.com\/wp-content\/uploads\/2024\/06\/cropped-IMG_8113_copie-2048x960.jpg 2048w, https:\/\/appartement-argeles-sur-mer.com\/wp-content\/uploads\/2024\/06\/cropped-IMG_8113_copie-892x418.jpg 892w\" sizes=\"(max-width: 2560px) 100vw, 2560px\" \/><div class=\"wp-block-cover__inner-container is-layout-constrained wp-block-cover-is-layout-constrained\">\n<p class=\"has-text-align-right has-theme-palette-9-color has-text-color has-link-color has-large-font-size wp-elements-3713be2997c931bef55166421332630a\"><a href=\"http:\/\/appartement-argeles-sur-mer.com\/index.php\/aux-alentours\/\" title=\"\"><strong>Les pieds dans l&rsquo;eau<\/strong>!<\/a><\/p>\n\n\n\n<p class=\"has-text-align-right has-theme-palette-9-color has-text-color has-link-color wp-elements-9e5190b2dc75ede2bcf15e1eea6ceb83\"><strong><a href=\"http:\/\/appartement-argeles-sur-mer.com\/index.php\/aux-alentours\/\" title=\"\">Plages, commerces, restaurants, randonn\u00e9es, animations<\/a><\/strong><\/p>\n<\/div><\/div>\n<\/div><\/div>\n","protected":false},"excerpt":{"rendered":"<p>A 3 min \u00e0 pied de la plage du Tamariguer A 2 min \u00e0 pied des commerces de 1\u00e8re n\u00e9cessit\u00e9 Stationnement gratuit autour de la r\u00e9sidence, m\u00eame en saison haute Une exposition nord-est qui permet de profiter du balcon toute la journ\u00e9e (\u00e0 l&rsquo;abri des fortes chaleurs) Au calme, au c\u0153ur d&rsquo;une pin\u00e8de A 10 min en v\u00e9lo et 5 min en voiture du centre et de la plage Charles Trenet (restaurants et shopping) POUR TOUT RENSEIGNEMENT<\/p>\n","protected":false},"author":1,"featured_media":0,"parent":0,"menu_order":0,"comment_status":"closed","ping_status":"closed","template":"","meta":{"om_disable_all_campaigns":false,"_monsterinsights_skip_tracking":false,"_monsterinsights_sitenote_active":false,"_monsterinsights_sitenote_note":"","_monsterinsights_sitenote_category":0,"_kad_post_transparent":"","_kad_post_title":"hide","_kad_post_layout":"fullwidth","_kad_post_sidebar_id":"","_kad_post_content_style":"","_kad_post_vertical_padding":"","_kad_post_feature":"","_kad_post_feature_position":"","_kad_post_header":false,"_kad_post_footer":false,"two_page_speed":[],"footnotes":""},"class_list":["post-201","page","type-page","status-publish","hentry"],"aioseo_notices":[],"_links":{"self":[{"href":"https:\/\/appartement-argeles-sur-mer.com\/index.php\/wp-json\/wp\/v2\/pages\/201","targetHints":{"allow":["GET"]}}],"collection":[{"href":"https:\/\/appartement-argeles-sur-mer.com\/index.php\/wp-json\/wp\/v2\/pages"}],"about":[{"href":"https:\/\/appartement-argeles-sur-mer.com\/index.php\/wp-json\/wp\/v2\/types\/page"}],"author":[{"embeddable":true,"href":"https:\/\/appartement-argeles-sur-mer.com\/index.php\/wp-json\/wp\/v2\/users\/1"}],"replies":[{"embeddable":true,"href":"https:\/\/appartement-argeles-sur-mer.com\/index.php\/wp-json\/wp\/v2\/comments?post=201"}],"version-history":[{"count":140,"href":"https:\/\/appartement-argeles-sur-mer.com\/index.php\/wp-json\/wp\/v2\/pages\/201\/revisions"}],"predecessor-version":[{"id":889,"href":"https:\/\/appartement-argeles-sur-mer.com\/index.php\/wp-json\/wp\/v2\/pages\/201\/revisions\/889"}],"wp:attachment":[{"href":"https:\/\/appartement-argeles-sur-mer.com\/index.php\/wp-json\/wp\/v2\/media?parent=201"}],"curies":[{"name":"wp","href":"https:\/\/api.w.org\/{rel}","templated":true}]}}