{"id":2,"date":"2023-07-03T17:21:25","date_gmt":"2023-07-03T15:21:25","guid":{"rendered":"http:\/\/appartement-argeles-sur-mer.com\/?page_id=2"},"modified":"2024-07-13T08:50:37","modified_gmt":"2024-07-13T06:50:37","slug":"location","status":"publish","type":"page","link":"https:\/\/appartement-argeles-sur-mer.com\/index.php\/location\/","title":{"rendered":"Location"},"content":{"rendered":"\n<h2 class=\"wp-block-heading\"><strong>Le logement<\/strong><\/h2>\n\n\n\n<div class=\"wp-block-group\"><div class=\"wp-block-group__inner-container is-layout-constrained wp-block-group-is-layout-constrained\">\n<p>Cet appartement de 25 m2 pour 4 personnes se situe en rez-de-chauss\u00e9e, au niveau de la plage Nord d&rsquo;Argel\u00e8s-sur-mer (plage du Tamariguer), au coeur d&rsquo;une pin\u00e8de, \u00e0 2 minutes \u00e0 pied du centre commercial \u00ab\u00a0Costa Blanca\u00a0\u00bb. La plupart des commerces sont ouverts de mai \u00e0 septembre; d&rsquo;autres (la pizzeria par exemple), sont ouverts toute l&rsquo;ann\u00e9e. Face \u00e0 la r\u00e9sidence, vous trouverez une boulangerie et une pharmacie, ouvertes toute l\u2019ann\u00e9e.Vous trouverez de nombreuses places de parking gratuit autour de la r\u00e9sidence, m\u00eame en pleine saison.<\/p>\n\n\n\n<p>L&rsquo;appartement est au calme, loin des agitations du centre, au c\u0153ur de la pin\u00e8de. Vous pourrez peut-\u00eatre observer les \u00e9cureuils depuis le balcon! <\/p>\n\n\n\n<p>Appartement non fumeur.<\/p>\n\n\n\n<p>Les animaux ne sont pas accept\u00e9s.<\/p>\n\n\n\n<p>Pour faciliter votre arriv\u00e9e, vous trouverez : liquide vaisselle, \u00e9ponge, savon \u00e0 mains, caf\u00e9 et filtres \u00e0 caf\u00e9, th\u00e9, sucre en poudre, huile, sel\/poivre, sac poubelle, sopalin, papier toilette, produits de nettoyage.<\/p>\n\n\n\n<p>Le linge n&rsquo;est pas fourni (draps, serviettes, tapis de douche, torchons).<\/p>\n\n\n\n<p>L&rsquo;appartement dispose d&rsquo;une connexion wi-fi.<\/p>\n\n\n\n<p><\/p>\n\n\n\n<h2 class=\"wp-block-heading\"><strong>Conditions d&rsquo;arriv\u00e9e et d\u00e9part<\/strong><\/h2>\n<\/div><\/div>\n\n\n\n<h3 class=\"wp-block-heading\"><em>Arriv\u00e9e flexible<\/em><\/h3>\n\n\n\n<p><strong>Arriv\u00e9e \u00e0 partir de 16 heures<\/strong>.<\/p>\n\n\n\n<p>Pour plus de flexibilit\u00e9 dans vos horaires, vous pouvez utiliser la bo\u00eete \u00e0 cl\u00e9. Je vous communiquerai le code le jour de votre arriv\u00e9e.<\/p>\n\n\n\n<h3 class=\"wp-block-heading\"><em>D\u00e9part<\/em><\/h3>\n\n\n\n<p><strong>D\u00e9part avant 10 heures.<\/strong><\/p>\n\n\n\n<p>L&rsquo;appartement est syst\u00e9matiquement v\u00e9rifi\u00e9 entre chaque location, toute casse sera factur\u00e9e.<\/p>\n\n\n\n<p>Un suppl\u00e9ment de 20\u20ac sera \u00e9galement factur\u00e9 si la vaisselle n&rsquo;est pas faite au moment du d\u00e9part.<\/p>\n\n\n\n<p><\/p>\n\n\n\n<h2 class=\"wp-block-heading\"><strong>Conditions de r\u00e9servation<\/strong><\/h2>\n\n\n\n<p>Une caution de 400\u20ac est \u00e0 envoyer par courrier une semaine avant la date d&rsquo;entr\u00e9e.<\/p>\n\n\n\n<p>Un contrat de location vous sera envoy\u00e9 d\u00e8s confirmation de votre r\u00e9servation.<\/p>\n\n\n\n<p>Il vous sera demand\u00e9 une attestation d&rsquo;assurance habitation avec responsabilit\u00e9 civile et option \u00ab\u00a0vill\u00e9giature\u00a0\u00bb.<\/p>\n\n\n\n<p><\/p>\n\n\n\n<h2 class=\"wp-block-heading\"><strong>Lien pratique<\/strong><\/h2>\n\n\n\n<p>Pour toute information concernant Argel\u00e8s-sur-mer, vous pouvez contacter l&rsquo;office du Tourisme : <a rel=\"noreferrer noopener\" href=\"https:\/\/www.argeles-sur-mer.com\/\" data-type=\"URL\" data-id=\"https:\/\/www.argeles-sur-mer.com\/\" target=\"_blank\"><strong>office du tourisme d&rsquo;Argel\u00e8s-sur-mer<\/strong><\/a><\/p>\n\n\n\n<p><\/p>\n\n\n\n<h2 class=\"wp-block-heading\"><strong>Pour r\u00e9server<\/strong><\/h2>\n\n\n\n<div class=\"wp-block-columns is-layout-flex wp-container-core-columns-is-layout-9d6595d7 wp-block-columns-is-layout-flex\">\n<div class=\"wp-block-column is-layout-flow wp-block-column-is-layout-flow\" style=\"flex-basis:100%\">\n<p class=\"has-background\" style=\"background:linear-gradient(135deg,rgb(238,238,238) 100%,rgb(169,184,195) 100%)\">Vous pouvez me contacter au 06 61 66 39 10 ou par le formulaire dans la page \u00ab\u00a0contact\u00a0\u00bb, je serai ravie de r\u00e9pondre \u00e0 toutes vos questions! Je vous souhaite un excellent s\u00e9jour. <em>St\u00e9phanie<\/em><\/p>\n<\/div>\n<\/div>\n\n\n\n<div class=\"wp-block-group alignfull has-text-color has-background\" style=\"color:#000000;background-color:#ffffff\"><div class=\"wp-block-group__inner-container is-layout-flow wp-block-group-is-layout-flow\">\n<h4 class=\"wp-block-heading has-text-align-center\">T\u00e9l 06 61 66 39 10<\/h4>\n\n\n\n<div class=\"wp-block-buttons is-horizontal is-content-justification-center is-layout-flex wp-container-core-buttons-is-layout-499968f5 wp-block-buttons-is-layout-flex\">\n<div class=\"wp-block-button has-custom-width wp-block-button__width-50\"><a class=\"wp-block-button__link has-text-color has-background wp-element-button\" href=\"http:\/\/appartement-argeles-sur-mer.com\/index.php\/contact\/\" style=\"border-radius:50px;color:#ffffff;background-color:#000000\" target=\"_blank\" rel=\"noreferrer noopener\">formulaire de contact<\/a><\/div>\n<\/div>\n\n\n\n<div style=\"height:64px\" aria-hidden=\"true\" class=\"wp-block-spacer\"><\/div>\n<\/div><\/div>\n","protected":false},"excerpt":{"rendered":"<p>Le logement Cet appartement de 25 m2 pour 4 personnes se situe en rez-de-chauss\u00e9e, au niveau de la plage Nord d&rsquo;Argel\u00e8s-sur-mer (plage du Tamariguer), au coeur d&rsquo;une pin\u00e8de, \u00e0 2 minutes \u00e0 pied du centre commercial \u00ab\u00a0Costa Blanca\u00a0\u00bb. La plupart des commerces sont ouverts de mai \u00e0 septembre; d&rsquo;autres (la pizzeria par exemple), sont ouverts toute l&rsquo;ann\u00e9e. Face \u00e0 la r\u00e9sidence, vous trouverez une boulangerie et une pharmacie, ouvertes toute l\u2019ann\u00e9e.Vous trouverez de nombreuses places de parking gratuit autour de la r\u00e9sidence, m\u00eame en pleine saison. L&rsquo;appartement est au calme, loin des agitations du centre, au c\u0153ur de la pin\u00e8de. Vous pourrez peut-\u00eatre observer les \u00e9cureuils depuis le balcon! Appartement non fumeur. Les animaux ne sont pas accept\u00e9s. Pour faciliter votre arriv\u00e9e, vous trouverez : liquide vaisselle, \u00e9ponge, savon \u00e0 mains, caf\u00e9 et filtres \u00e0 caf\u00e9, th\u00e9, sucre en poudre, huile, sel\/poivre, sac poubelle, sopalin, papier toilette, produits de nettoyage. Le linge n&rsquo;est pas fourni (draps, serviettes, tapis de douche, torchons). L&rsquo;appartement dispose d&rsquo;une connexion wi-fi. Conditions d&rsquo;arriv\u00e9e et d\u00e9part Arriv\u00e9e flexible Arriv\u00e9e \u00e0 partir de 16 heures. Pour plus de flexibilit\u00e9 dans vos horaires, vous pouvez utiliser la bo\u00eete \u00e0 cl\u00e9. Je vous communiquerai le code le jour de votre arriv\u00e9e. D\u00e9part D\u00e9part avant 10 heures. L&rsquo;appartement est syst\u00e9matiquement v\u00e9rifi\u00e9 entre chaque location, toute casse sera factur\u00e9e. Un suppl\u00e9ment de 20\u20ac sera \u00e9galement factur\u00e9 si la vaisselle n&rsquo;est pas faite au moment du d\u00e9part. Conditions de r\u00e9servation Une caution de 400\u20ac est \u00e0 envoyer par courrier une semaine avant la date d&rsquo;entr\u00e9e. Un contrat de location vous sera envoy\u00e9 d\u00e8s confirmation de votre r\u00e9servation. Il vous sera demand\u00e9 une attestation d&rsquo;assurance habitation avec responsabilit\u00e9 civile et option \u00ab\u00a0vill\u00e9giature\u00a0\u00bb. Lien pratique Pour toute information concernant Argel\u00e8s-sur-mer, vous pouvez contacter l&rsquo;office du Tourisme : office du tourisme d&rsquo;Argel\u00e8s-sur-mer Pour r\u00e9server Vous pouvez me contacter au 06 61 66 39 10 ou par le formulaire dans la page \u00ab\u00a0contact\u00a0\u00bb, je serai ravie de r\u00e9pondre \u00e0 toutes vos questions! Je vous souhaite un excellent s\u00e9jour. St\u00e9phanie T\u00e9l 06 61 66 39 10<\/p>\n","protected":false},"author":1,"featured_media":0,"parent":0,"menu_order":0,"comment_status":"closed","ping_status":"open","template":"","meta":{"om_disable_all_campaigns":false,"_monsterinsights_skip_tracking":false,"_monsterinsights_sitenote_active":false,"_monsterinsights_sitenote_note":"","_monsterinsights_sitenote_category":0,"_kad_post_transparent":"","_kad_post_title":"","_kad_post_layout":"","_kad_post_sidebar_id":"","_kad_post_content_style":"","_kad_post_vertical_padding":"","_kad_post_feature":"","_kad_post_feature_position":"","_kad_post_header":false,"_kad_post_footer":false,"two_page_speed":[],"footnotes":""},"class_list":["post-2","page","type-page","status-publish","hentry"],"aioseo_notices":[],"_links":{"self":[{"href":"https:\/\/appartement-argeles-sur-mer.com\/index.php\/wp-json\/wp\/v2\/pages\/2","targetHints":{"allow":["GET"]}}],"collection":[{"href":"https:\/\/appartement-argeles-sur-mer.com\/index.php\/wp-json\/wp\/v2\/pages"}],"about":[{"href":"https:\/\/appartement-argeles-sur-mer.com\/index.php\/wp-json\/wp\/v2\/types\/page"}],"author":[{"embeddable":true,"href":"https:\/\/appartement-argeles-sur-mer.com\/index.php\/wp-json\/wp\/v2\/users\/1"}],"replies":[{"embeddable":true,"href":"https:\/\/appartement-argeles-sur-mer.com\/index.php\/wp-json\/wp\/v2\/comments?post=2"}],"version-history":[{"count":28,"href":"https:\/\/appartement-argeles-sur-mer.com\/index.php\/wp-json\/wp\/v2\/pages\/2\/revisions"}],"predecessor-version":[{"id":820,"href":"https:\/\/appartement-argeles-sur-mer.com\/index.php\/wp-json\/wp\/v2\/pages\/2\/revisions\/820"}],"wp:attachment":[{"href":"https:\/\/appartement-argeles-sur-mer.com\/index.php\/wp-json\/wp\/v2\/media?parent=2"}],"curies":[{"name":"wp","href":"https:\/\/api.w.org\/{rel}","templated":true}]}}